{"id":18,"date":"2019-02-14T07:27:30","date_gmt":"2019-02-14T07:27:30","guid":{"rendered":"https:\/\/tischlerei-gerd-fischer.de\/eichsfeld\/about-us\/"},"modified":"2026-03-27T19:30:33","modified_gmt":"2026-03-27T18:30:33","slug":"ueber-uns","status":"publish","type":"page","link":"https:\/\/tischlerei-gerd-fischer.de\/eichsfeld\/ueber-uns\/","title":{"rendered":"\u00dcber uns"},"content":{"rendered":"<div class=\"wpb-content-wrapper\"><p>[vc_row height_ratio=&#8220;50&#8243; padding_top_multiplier=&#8220;&#8220; padding_bottom_multiplier=&#8220;3x&#8220; rc_bg_type=&#8220;image&#8220; rc_bg_image=&#8220;367&#8243; rc_bg_pattern_overlay=&#8220;yes&#8220; rc_bg_color_overlay=&#8220;dark&#8220; rc_bg_opacity_overlay=&#8220;60&#8243; tablet_sm_columns_vertical_gap=&#8220;50&#8243; rc_font_color=&#8220;#ffffff&#8220; rc_bg_color=&#8220;#000000&#8243;][vc_column width=&#8220;2\/3&#8243; vertical_content_position=&#8220;bottom&#8220; tablet_sm_width=&#8220;1&#8243;]<h3 class=\"eut-element eut-title eut-align-inherit eut-h6\" style=\"margin-bottom: 0px;\"><span><span style=\"color: #bba887;\">Aus gutem Holz.<\/span><\/span><\/h3><div class=\"eut-empty-space eut-height-1x\" style=\"\"><\/div><h1 class=\"eut-element eut-title eut-align-inherit eut-h2 eut-title-gradient eut-gradient-1-primary-1 eut-gradient-2-white\" style=\"\"><span>Echte Tischlerarbeit.<br \/>\nEhrlich, pr\u00e4zise, wertbest\u00e4ndig.<\/span><\/h1>[\/vc_column][vc_column width=&#8220;1\/3&#8243; vertical_content_position=&#8220;bottom&#8220; text_align=&#8220;right&#8220; tablet_sm_width=&#8220;1&#8243; tablet_sm_text_align=&#8220;left&#8220; mobile_text_align=&#8220;left&#8220;]<div class=\"eut-element eut-align-inherit eut-fluid-button\"><a href=\"https:\/\/tischlerei-gerd-fischer.de\/eichsfeld\/kontakt\/\" title=\"Kontakt\" class=\"eut-btn eut-btn-medium eut-with-icon eut-square eut-bg-white eut-bg-hover-white eut-btn-line\" style=\"max-width: 270px;\"><span>Kontakt<i class=\"entypo-icon entypo-icon-right-dir\" aria-hidden=\"true\"><\/i><\/span><\/a><\/div>[\/vc_column][\/vc_row][vc_row padding_top_multiplier=&#8220;4x&#8220; padding_bottom_multiplier=&#8220;4x&#8220;][vc_column width=&#8220;1\/3&#8243; column_sticky=&#8220;yes&#8220; column_sticky_offset=&#8220;120&#8243;]<h4 class=\"eut-element eut-title eut-align-inherit eut-h4\" style=\"\"><span>Werkstoff Holz<\/span><\/h4>[vc_column_text css=&#8220;&#8220;]<\/p>\n<p data-start=\"808\" data-end=\"1111\">Holz ist mehr als nur ein Werkstoff \u2013 es steht f\u00fcr <strong>Nat\u00fcrlichkeit, W\u00e4rme, Ruhe<\/strong> und bleibende Werte. Mit seiner zeitlosen Ausstrahlung verbindet es modernes Design mit traditioneller Wohnlichkeit und schafft individuelle L\u00f6sungen f\u00fcr ein stilvolles Zuhause oder repr\u00e4sentative Gesch\u00e4ftsr\u00e4ume im Eichsfeld.<\/p>\n<p data-start=\"1113\" data-end=\"1405\">Als Tischlerei mit handwerklicher Tradition und modernster Fertigungstechnik setzen wir Ihre Ideen <strong>pr\u00e4zise und ma\u00dfgeschneidert<\/strong> um. Dank unseres CNC-Bearbeitungszentrums entstehen hochwertige M\u00f6bel, Innenausbauten und Sonderl\u00f6sungen nach Ma\u00df \u2013 von der ersten Planung bis zur perfekten Montage.<\/p>\n<p>[\/vc_column_text][\/vc_column][vc_column width=&#8220;2\/3&#8243;]<div class=\"eut-element eut-image eut-align-center eut-image-space-100 eut-image-expand-width\" style=\"\"><div class=\"eut-image-wrapper eut-popup-item\"><div class=\"eut-thumbnail-wrapper\"><div class=\"eut-thumbnail\"  style=\"padding-top: 75.684%;\"><img loading=\"lazy\" decoding=\"async\" width=\"1024\" height=\"775\" src=\"https:\/\/tischlerei-gerd-fischer.de\/eichsfeld\/wp-content\/uploads\/2026\/03\/Holz-1024x775.jpg\" class=\"attachment-large size-large\" alt=\"\" data-eutf-filter=\"yes\" srcset=\"https:\/\/tischlerei-gerd-fischer.de\/eichsfeld\/wp-content\/uploads\/2026\/03\/Holz-1024x775.jpg 1024w, https:\/\/tischlerei-gerd-fischer.de\/eichsfeld\/wp-content\/uploads\/2026\/03\/Holz-300x227.jpg 300w, https:\/\/tischlerei-gerd-fischer.de\/eichsfeld\/wp-content\/uploads\/2026\/03\/Holz-768x581.jpg 768w, https:\/\/tischlerei-gerd-fischer.de\/eichsfeld\/wp-content\/uploads\/2026\/03\/Holz.jpg 1400w\" sizes=\"auto, (max-width: 1024px) 100vw, 1024px\" \/><\/div><\/div>  <\/div><\/div>[\/vc_column][\/vc_row][vc_row padding_top_multiplier=&#8220;4x&#8220; padding_bottom_multiplier=&#8220;4x&#8220; rc_bg_type=&#8220;color&#8220; rc_bg_color=&#8220;#f4f4f4&#8243;][vc_column width=&#8220;2\/3&#8243; tablet_sm_width=&#8220;1&#8243;]<h3 class=\"eut-element eut-title eut-align-inherit eut-h6\" style=\"\"><span><span style=\"color: #bba887;\">Ihre Traum-M\u00f6bel nach Ma\u00df vom Tischler<\/span><\/span><\/h3><h4 class=\"eut-element eut-title eut-align-inherit eut-h1\" style=\"\"><span>Von der Idee bis zum fertigen M\u00f6belst\u00fcck.<\/span><\/h4>[\/vc_column][vc_column width=&#8220;1\/3&#8243; tablet_sm_width=&#8220;hide&#8220; mobile_width=&#8220;hide&#8220;][\/vc_column][vc_column mobile_width=&#8220;hide&#8220;]<div class=\"eut-empty-space eut-height-3x\" style=\"\"><\/div>[\/vc_column][vc_column][vc_row_inner padding_top_multiplier=&#8220;&#8220; padding_bottom_multiplier=&#8220;&#8220;][vc_column_inner width=&#8220;1\/4&#8243; content_width=&#8220;custom&#8220; mobile_content_width=&#8220;reset&#8220; custom_content_width=&#8220;280&#8243;]<div class=\"eut-element eut-image eut-align-center\" style=\"\"><div class=\"eut-image-wrapper eut-popup-item\" style=\"max-width:270px;\"><div class=\"eut-thumbnail-wrapper\"  style=\"max-width: 270px;\"><div class=\"eut-thumbnail\"  style=\"padding-top: 78.148%;\"><img loading=\"lazy\" decoding=\"async\" width=\"270\" height=\"211\" src=\"https:\/\/tischlerei-gerd-fischer.de\/eichsfeld\/wp-content\/uploads\/2026\/03\/01idee.png\" class=\"attachment-full size-full\" alt=\"\" srcset=\"https:\/\/tischlerei-gerd-fischer.de\/eichsfeld\/wp-content\/uploads\/2026\/03\/01idee.png 1x,https:\/\/tischlerei-gerd-fischer.de\/eichsfeld\/wp-content\/uploads\/2026\/03\/01idee.png 2x\" data-eutf-filter=\"yes\" \/><\/div><\/div>  <\/div><\/div><h3 class=\"eut-element eut-title eut-align-inherit eut-h6\" style=\"\"><span>Ihre Idee.<\/span><\/h3>[vc_column_text css=&#8220;&#8220;]<\/p>\n<p data-start=\"1374\" data-end=\"1683\">Sie haben eine Vorstellung, einen Wunsch oder bereits konkrete Bilder im Kopf? Gemeinsam besprechen wir, wie Ihr neues M\u00f6belst\u00fcck aussehen soll und welche Anforderungen es erf\u00fcllen muss. Ob Stauraum, Design, Funktion oder eine optimale Nutzung schwieriger Raumsituationen \u2013 wir entwickeln die passende L\u00f6sung<\/p>\n<p>[\/vc_column_text][\/vc_column_inner][vc_column_inner width=&#8220;1\/4&#8243; content_width=&#8220;custom&#8220; horizontal_content_position=&#8220;center&#8220; mobile_content_width=&#8220;reset&#8220; custom_content_width=&#8220;280&#8243;]<div class=\"eut-element eut-image eut-align-center\" style=\"\"><div class=\"eut-image-wrapper eut-popup-item\" style=\"max-width:270px;\"><div class=\"eut-thumbnail-wrapper\"  style=\"max-width: 270px;\"><div class=\"eut-thumbnail\"  style=\"padding-top: 78.148%;\"><img loading=\"lazy\" decoding=\"async\" width=\"270\" height=\"211\" src=\"https:\/\/tischlerei-gerd-fischer.de\/eichsfeld\/wp-content\/uploads\/2026\/03\/01planen.png\" class=\"attachment-full size-full\" alt=\"\" srcset=\"https:\/\/tischlerei-gerd-fischer.de\/eichsfeld\/wp-content\/uploads\/2026\/03\/01planen.png 1x,https:\/\/tischlerei-gerd-fischer.de\/eichsfeld\/wp-content\/uploads\/2026\/03\/01planen.png 2x\" data-eutf-filter=\"yes\" \/><\/div><\/div>  <\/div><\/div><h3 class=\"eut-element eut-title eut-align-inherit eut-h6\" style=\"\"><span>Unsere Planung.<\/span><\/h3>[vc_column_text css=&#8220;&#8220;]Im n\u00e4chsten Schritt planen wir Ihre M\u00f6bel individuell nach Ma\u00df. Wir ber\u00fccksichtigen Raumgr\u00f6\u00dfen, Dachschr\u00e4gen, Nischen, bestehende Einrichtung und Ihre pers\u00f6nlichen W\u00fcnsche bei Material, Farbe und Oberfl\u00e4che. So entsteht eine L\u00f6sung, die sich harmonisch in Ihr Zuhause einf\u00fcgt und jeden Zentimeter sinnvoll nutzt.[\/vc_column_text][\/vc_column_inner][vc_column_inner width=&#8220;1\/4&#8243; content_width=&#8220;custom&#8220; horizontal_content_position=&#8220;right&#8220; mobile_content_width=&#8220;reset&#8220; custom_content_width=&#8220;280&#8243;]<div class=\"eut-element eut-image eut-align-center\" style=\"\"><div class=\"eut-image-wrapper eut-popup-item\" style=\"max-width:270px;\"><div class=\"eut-thumbnail-wrapper\"  style=\"max-width: 270px;\"><div class=\"eut-thumbnail\"  style=\"padding-top: 78.148%;\"><img loading=\"lazy\" decoding=\"async\" width=\"270\" height=\"211\" src=\"https:\/\/tischlerei-gerd-fischer.de\/eichsfeld\/wp-content\/uploads\/2026\/03\/01umsetzen.png\" class=\"attachment-full size-full\" alt=\"\" srcset=\"https:\/\/tischlerei-gerd-fischer.de\/eichsfeld\/wp-content\/uploads\/2026\/03\/01umsetzen.png 1x,https:\/\/tischlerei-gerd-fischer.de\/eichsfeld\/wp-content\/uploads\/2026\/03\/01umsetzen.png 2x\" data-eutf-filter=\"yes\" \/><\/div><\/div>  <\/div><\/div><h3 class=\"eut-element eut-title eut-align-inherit eut-h6\" style=\"\"><span>Unsere Umsetzung.<\/span><\/h3>[vc_column_text css=&#8220;&#8220;]In unserer Tischlerei setzen wir die Planung mit Sorgfalt, Erfahrung und handwerklicher Pr\u00e4zision um. Wir verarbeiten hochwertige Materialien, achten auf saubere Details und fertigen M\u00f6bel, die durch Qualit\u00e4t, Stabilit\u00e4t und Langlebigkeit \u00fcberzeugen. So wird aus einer Idee ein echtes Unikat.[\/vc_column_text][\/vc_column_inner][vc_column_inner width=&#8220;1\/4&#8243;]<div class=\"eut-element eut-image eut-align-center\" style=\"\"><div class=\"eut-image-wrapper eut-popup-item\" style=\"max-width:270px;\"><div class=\"eut-thumbnail-wrapper\"  style=\"max-width: 270px;\"><div class=\"eut-thumbnail\"  style=\"padding-top: 78.148%;\"><img loading=\"lazy\" decoding=\"async\" width=\"270\" height=\"211\" src=\"https:\/\/tischlerei-gerd-fischer.de\/eichsfeld\/wp-content\/uploads\/2026\/03\/01traummoebel.png\" class=\"attachment-full size-full\" alt=\"\" srcset=\"https:\/\/tischlerei-gerd-fischer.de\/eichsfeld\/wp-content\/uploads\/2026\/03\/01traummoebel.png 1x,https:\/\/tischlerei-gerd-fischer.de\/eichsfeld\/wp-content\/uploads\/2026\/03\/01traummoebel.png 2x\" data-eutf-filter=\"yes\" \/><\/div><\/div>  <\/div><\/div><h3 class=\"eut-element eut-title eut-align-inherit eut-h6\" style=\"\"><span>Ihre Traum-M\u00f6bel.<\/span><\/h3>[vc_column_text css=&#8220;&#8220;]Das Ergebnis sind M\u00f6bel, die nicht von der Stange kommen, sondern exakt zu Ihnen passen. Ob Einbauschrank, Sideboard, Garderobe, Schlafzimmerm\u00f6bel, Badm\u00f6bel oder individuelle Wohnl\u00f6sung \u2013 Sie erhalten ma\u00dfgefertigte M\u00f6bel mit Charakter, Funktion und bleibendem Wert.[\/vc_column_text][\/vc_column_inner][\/vc_row_inner][\/vc_column][\/vc_row][vc_row padding_top_multiplier=&#8220;&#8220; padding_bottom_multiplier=&#8220;&#8220; rc_bg_type=&#8220;color&#8220; columns_gap=&#8220;none&#8220; rc_font_color=&#8220;#ffffff&#8220; rc_bg_color=&#8220;#9baab1&#8243;][vc_column width=&#8220;2\/3&#8243; full_height=&#8220;yes&#8220; rc_bg_type=&#8220;image&#8220; rc_bg_image=&#8220;385&#8243; expand_column_bg=&#8220;expand-bg-left&#8220; tablet_sm_width=&#8220;1-2&#8243; mobile_width=&#8220;hide&#8220;][\/vc_column][vc_column width=&#8220;1\/3&#8243; content_width=&#8220;custom&#8220; horizontal_content_position=&#8220;right&#8220; tablet_sm_width=&#8220;1-2&#8243; mobile_content_width=&#8220;reset&#8220; custom_content_width=&#8220;300&#8243;]<div class=\"eut-empty-space eut-height-3x\" style=\"\"><\/div>[vc_row_inner padding_top_multiplier=&#8220;&#8220; padding_bottom_multiplier=&#8220;&#8220;][vc_column_inner][vc_column_text css=&#8220;&#8220; text_style=&#8220;leader-text&#8220;]<\/p>\n<h3 class=\"eut-element eut-title eut-align-inherit eut-h6\">Unser Firmenprofil, Unser Herzschlag<\/h3>\n<p>[\/vc_column_text][\/vc_column_inner][vc_column_inner mobile_width=&#8220;hide&#8220;]<div class=\"eut-empty-space\" style=\"height: 15vh;\"><\/div>[\/vc_column_inner][vc_column_inner][vc_column_text css=&#8220;&#8220;]&#8220;Unsere Wurzeln liegen im klassischen Tischlerhandwerk, unser Anspruch in zeitgem\u00e4\u00dfen, passgenauen L\u00f6sungen. Seit mehr als 30 Jahren stehen wir als Familienbetrieb f\u00fcr Qualit\u00e4t, Best\u00e4ndigkeit und pers\u00f6nliche Verantwortung \u2013 vom individuellen Innenausbau bis zum Gro\u00dfprojekt mit hunderten Fenstern und T\u00fcren.&#8220;[\/vc_column_text]<div class=\"eut-empty-space eut-height-1x\" style=\"\"><\/div><h3 class=\"eut-element eut-title eut-align-inherit eut-link-text\" style=\"\"><span><strong>Gerd Fischer, <\/strong>Gesch\u00e4ftsf\u00fchrer<\/span><\/h3>[\/vc_column_inner][\/vc_row_inner]<div class=\"eut-empty-space eut-height-2x\" style=\"\"><\/div>[\/vc_column][\/vc_row][vc_row padding_top_multiplier=&#8220;4x&#8220; padding_bottom_multiplier=&#8220;4x&#8220;][vc_column width=&#8220;1\/4&#8243;][\/vc_column][vc_column width=&#8220;1\/2&#8243; text_align=&#8220;center&#8220; rc_font_color=&#8220;#bba887&#8243;]<h3 class=\"eut-element eut-title eut-align-inherit eut-h3\" style=\"\"><span>Alles unter einem Dach &#8211; alles aus einer Hand.<\/span><\/h3>[vc_column_text css=&#8220;&#8220; text_style=&#8220;leader-text&#8220;]Qualit\u00e4t aus Prinzip.[\/vc_column_text][\/vc_column][vc_column width=&#8220;1\/4&#8243;][\/vc_column][vc_column mobile_width=&#8220;hide&#8220;]<div class=\"eut-empty-space eut-height-2x\" style=\"\"><\/div>[\/vc_column][vc_column][vc_row_inner padding_top_multiplier=&#8220;&#8220; padding_bottom_multiplier=&#8220;&#8220; rc_heading_color=&#8220;primary-1&#8243;][vc_column_inner width=&#8220;1\/3&#8243; content_width=&#8220;custom&#8220; horizontal_content_position=&#8220;center&#8220; custom_content_width=&#8220;250&#8243;]<div class=\"eut-element eut-box-icon eut-top-icon eut-align-center\" style=\"\"><div class=\"eut-single-icon eut-image-icon eut-extra-large\"><div class=\"eut-thumbnail-wrapper\"><div class=\"eut-thumbnail\"  style=\"padding-top: 82.955%;\"><img loading=\"lazy\" decoding=\"async\" width=\"264\" height=\"219\" src=\"https:\/\/tischlerei-gerd-fischer.de\/eichsfeld\/wp-content\/uploads\/2026\/02\/Icon-TR.png\" class=\"attachment-full size-full\" alt=\"\" srcset=\"https:\/\/tischlerei-gerd-fischer.de\/eichsfeld\/wp-content\/uploads\/2026\/02\/Icon-TR.png 1x,https:\/\/tischlerei-gerd-fischer.de\/eichsfeld\/wp-content\/uploads\/2026\/02\/Icon-TR.png 2x\" data-eutf-filter=\"yes\" \/><\/div><\/div><\/div><div class=\"eut-box-content\"><h3 class=\"eut-box-title eut-h6\">Die Tischlerei<\/h3>  <p class=\"\">Mit unserem engagierten Team entwickeln wir bundesweit individuelle L\u00f6sungen nach Ihren W\u00fcnschen und Vorstellungen in den Bereichen M\u00f6bel, Inneneinrichtung, Ladenbau, Haust\u00fcren, Fenster und Treppen.<\/p><\/div><\/div>[\/vc_column_inner][vc_column_inner width=&#8220;1\/3&#8243; content_width=&#8220;custom&#8220; horizontal_content_position=&#8220;center&#8220; custom_content_width=&#8220;250&#8243;]<div class=\"eut-element eut-box-icon eut-top-icon eut-align-center\" style=\"\"><div class=\"eut-single-icon eut-image-icon eut-extra-large\"><div class=\"eut-thumbnail-wrapper\"><div class=\"eut-thumbnail\"  style=\"padding-top: 82.642%;\"><img loading=\"lazy\" decoding=\"async\" width=\"265\" height=\"219\" src=\"https:\/\/tischlerei-gerd-fischer.de\/eichsfeld\/wp-content\/uploads\/2026\/02\/Icon-HDK.png\" class=\"attachment-full size-full\" alt=\"\" srcset=\"https:\/\/tischlerei-gerd-fischer.de\/eichsfeld\/wp-content\/uploads\/2026\/02\/Icon-HDK.png 1x,https:\/\/tischlerei-gerd-fischer.de\/eichsfeld\/wp-content\/uploads\/2026\/02\/Icon-HDK.png 2x\" data-eutf-filter=\"yes\" \/><\/div><\/div><\/div><div class=\"eut-box-content\"><h3 class=\"eut-box-title eut-h6\">K\u00fcchen Deluxe<\/h3>  <p class=\"\">Im Haus der K\u00fcchen finden Sie den richtigen Ansprechpartner f\u00fcr alle Fragen rund um Ihre neue Traumk\u00fcche. Auf 110 Quadratmeter k\u00f6nnen Sie zahlreiche Musterk\u00fcchen in einem stilvoll eingerichtetem Ambiente betrachten.<\/p><\/div><\/div>[\/vc_column_inner][vc_column_inner width=&#8220;1\/3&#8243; content_width=&#8220;custom&#8220; horizontal_content_position=&#8220;center&#8220; custom_content_width=&#8220;250&#8243;]<div class=\"eut-element eut-box-icon eut-top-icon eut-align-center\" style=\"\"><div class=\"eut-single-icon eut-image-icon eut-extra-large\"><div class=\"eut-thumbnail-wrapper\"><div class=\"eut-thumbnail\"  style=\"padding-top: 82.331%;\"><img loading=\"lazy\" decoding=\"async\" width=\"266\" height=\"219\" src=\"https:\/\/tischlerei-gerd-fischer.de\/eichsfeld\/wp-content\/uploads\/2026\/02\/Icon-Moebel.png\" class=\"attachment-full size-full\" alt=\"\" srcset=\"https:\/\/tischlerei-gerd-fischer.de\/eichsfeld\/wp-content\/uploads\/2026\/02\/Icon-Moebel.png 1x,https:\/\/tischlerei-gerd-fischer.de\/eichsfeld\/wp-content\/uploads\/2026\/02\/Icon-Moebel.png 2x\" data-eutf-filter=\"yes\" \/><\/div><\/div><\/div><div class=\"eut-box-content\"><h3 class=\"eut-box-title eut-h6\">M\u00f6beltr\u00e4ume<\/h3>  <p class=\"\">Eichsfelder Handwerkstradition trifft in unserem Hause auf modernste Technik. So entstehen Wohnr\u00e4ume nach Ihrem ganz eigenen Geschmack und individuellen Bed\u00fcrfnissen.<\/p><\/div><\/div>[\/vc_column_inner][\/vc_row_inner][\/vc_column][\/vc_row]<\/p>\n<\/div>","protected":false},"excerpt":{"rendered":"<p>[vc_row height_ratio=&#8220;50&#8243; padding_top_multiplier=&#8220;&#8220; padding_bottom_multiplier=&#8220;3x&#8220; rc_bg_type=&#8220;image&#8220; rc_bg_image=&#8220;367&#8243; rc_bg_pattern_overlay=&#8220;yes&#8220; rc_bg_color_overlay=&#8220;dark&#8220; rc_bg_opacity_overlay=&#8220;60&#8243; tablet_sm_columns_vertical_gap=&#8220;50&#8243; rc_font_color=&#8220;#ffffff&#8220; rc_bg_color=&#8220;#000000&#8243;][vc_column width=&#8220;2\/3&#8243; vertical_content_position=&#8220;bottom&#8220; tablet_sm_width=&#8220;1&#8243;][\/vc_column][vc_column width=&#8220;1\/3&#8243; vertical_content_position=&#8220;bottom&#8220; text_align=&#8220;right&#8220; tablet_sm_width=&#8220;1&#8243; tablet_sm_text_align=&#8220;left&#8220; mobile_text_align=&#8220;left&#8220;][\/vc_column][\/vc_row][vc_row padding_top_multiplier=&#8220;4x&#8220; padding_bottom_multiplier=&#8220;4x&#8220;][vc_column width=&#8220;1\/3&#8243; column_sticky=&#8220;yes&#8220; column_sticky_offset=&#8220;120&#8243;][vc_column_text css=&#8220;&#8220;] Holz ist mehr als nur ein Werkstoff \u2013 es steht f\u00fcr Nat\u00fcrlichkeit, W\u00e4rme, Ruhe und bleibende Werte. Mit seiner zeitlosen Ausstrahlung verbindet es modernes Design mit traditioneller Wohnlichkeit [&hellip;]<\/p>\n","protected":false},"author":1,"featured_media":0,"parent":0,"menu_order":0,"comment_status":"closed","ping_status":"closed","template":"","meta":{"footnotes":""},"class_list":["post-18","page","type-page","status-publish","hentry"],"_links":{"self":[{"href":"https:\/\/tischlerei-gerd-fischer.de\/eichsfeld\/wp-json\/wp\/v2\/pages\/18","targetHints":{"allow":["GET"]}}],"collection":[{"href":"https:\/\/tischlerei-gerd-fischer.de\/eichsfeld\/wp-json\/wp\/v2\/pages"}],"about":[{"href":"https:\/\/tischlerei-gerd-fischer.de\/eichsfeld\/wp-json\/wp\/v2\/types\/page"}],"author":[{"embeddable":true,"href":"https:\/\/tischlerei-gerd-fischer.de\/eichsfeld\/wp-json\/wp\/v2\/users\/1"}],"replies":[{"embeddable":true,"href":"https:\/\/tischlerei-gerd-fischer.de\/eichsfeld\/wp-json\/wp\/v2\/comments?post=18"}],"version-history":[{"count":24,"href":"https:\/\/tischlerei-gerd-fischer.de\/eichsfeld\/wp-json\/wp\/v2\/pages\/18\/revisions"}],"predecessor-version":[{"id":410,"href":"https:\/\/tischlerei-gerd-fischer.de\/eichsfeld\/wp-json\/wp\/v2\/pages\/18\/revisions\/410"}],"wp:attachment":[{"href":"https:\/\/tischlerei-gerd-fischer.de\/eichsfeld\/wp-json\/wp\/v2\/media?parent=18"}],"curies":[{"name":"wp","href":"https:\/\/api.w.org\/{rel}","templated":true}]}}