{"id":245,"date":"2026-03-16T14:19:20","date_gmt":"2026-03-16T13:19:20","guid":{"rendered":"https:\/\/tischlerei-gerd-fischer.de\/eichsfeld\/?page_id=245"},"modified":"2026-04-11T11:50:55","modified_gmt":"2026-04-11T09:50:55","slug":"kunststofffenster","status":"publish","type":"page","link":"https:\/\/tischlerei-gerd-fischer.de\/eichsfeld\/kunststofffenster\/","title":{"rendered":"Kunststofffenster"},"content":{"rendered":"<div class=\"wpb-content-wrapper\"><p>[vc_row][vc_column][vc_row_inner][vc_column_inner]<div class=\"eut-element eut-slogan eut-align-inherit\" style=\"\"><div class=\"eut-subtitle\">Unsere Kunststofffenster \u00fcberzeugen mit starker W\u00e4rmed\u00e4mmung, hoher Stabilit\u00e4t und sp\u00fcrbarer Ruhe im Zuhause.<\/div><h1 class=\"eut-slogan-title eut-align-inherit eut-h2\"><span>KOMFORT, SICHERHEIT UND ENERGIEEFFIZIENZ IN PERFEKTER FORM.<span class=\"eut-title-line eut-bg-primary-1\" style=\"width: 50px;height: 2px;\"><\/span><\/span><\/h1>  <p class=\"\">Langlebige Profilsysteme und moderne Technik machen sie zu einer nachhaltigen L\u00f6sung f\u00fcr h\u00f6chste Anspr\u00fcche.<\/p><div class=\"eut-btn-wrapper\"><a href=\"#kunststofffenster\" class=\"eut-btn eut-btn-small eut-square eut-bg-primary-1 eut-bg-hover-black\"><span>Beispiele<\/span><\/a><a href=\"https:\/\/tischlerei-gerd-fischer.de\/eichsfeld\/kontakt\/\" title=\"Kontakt\" class=\"eut-btn eut-btn-small eut-square eut-bg-primary-1 eut-bg-hover-black\"><span>Anfrage<\/span><\/a><\/div><\/div>[\/vc_column_inner][\/vc_row_inner][vc_row_inner][vc_column_inner width=&#8220;1\/2&#8243;][vc_column_text css=&#8220;&#8220;]<strong>Keine Kompromisse bei Sicherheit und<\/strong> <strong>W\u00e4rmeschutz durch moderne Kunststofffenster<\/strong><\/p>\n<p>Die innovative 7-Kammer-Konstruktion mit einer Bautiefe von 82 mm und einer ausgekl\u00fcgelten Dichtungstechnik sorgt f\u00fcr optimalen W\u00e4rmeschutz und beste Energieeffizienz. Die Standardvariante besitzt bereits 4 Dichtungen. Eine zus\u00e4tzliche Mitteldichtung ist im Blendrahmen optional lieferbar. Diese verbessert nochmals sowohl den W\u00e4rme- als auch den Schallschutz Ihrer neuen Fenster. Zus\u00e4tzlich erschwert<br \/>\ndiese Dichtung das Aufhebeln der Fenster. Verglasungen bis zu 52 mm St\u00e4rke sind problemlos m\u00f6glich.[\/vc_column_text][\/vc_column_inner][vc_column_inner width=&#8220;1\/2&#8243;][vc_column_text css=&#8220;&#8220;]Alle Systemkomponenten, die in diesem Produkt verbaut wurden, k\u00f6nnen nahezu zu 100 % wiederverwendet werden, da f\u00fcr die Herstellung nur sortenrein trennbares Material eingesetzt wird.<\/p>\n<p><strong>Starke Profile \u2013 starke Leistung<\/strong><\/p>\n<p>Als Premium-Fensterhersteller verarbeiten wir VEKA-Fensterprofile der h\u00f6chsten Qualit\u00e4tsstufe Klasse A nach DIN EN 12608. Mit ihren ausgezeichneten Materialeigenschaften und der garantierten Au\u00dfenwanddicke von 3,0 mm (Toleranz 0,2 mm) erm\u00f6glichen unsere VEKA-Profilsysteme Softline 82 AD\/MD besonders leistungsstarke Fenster, die jahrzehntelang zuverl\u00e4ssig funktionieren.[\/vc_column_text][\/vc_column_inner][\/vc_row_inner][\/vc_column][vc_column el_id=&#8220;kunststofffenster&#8220;]<div class=\"eut-element eut-gallery eut-isotope eut-gallery-popup eut-with-gap\" style=\"\" data-columns=\"3\" data-columns-large-screen=\"3\" data-columns-tablet-landscape=\"2\" data-columns-tablet-portrait=\"2\" data-columns-mobile=\"1\" data-layout=\"fitRows\" data-gutter-size=\"40\">  <div class=\"eut-isotope-container\"><div class=\"eut-isotope-item eut-hover-item eut-hover-style-none\"><div class=\"eut-isotope-item-inner eut-zoom-in\">  <figure class=\"eut-image-hover\"><a class=\"eut-item-url\" href=\"https:\/\/tischlerei-gerd-fischer.de\/eichsfeld\/wp-content\/uploads\/2026\/03\/Kunststoffenster-00infobig2-1920x1080.jpg\"  data-size=\"1920x1080\"><\/a><div class=\"eut-hover-overlay eut-bg-light eut-opacity-90\"><\/div><div class=\"eut-media\"><div class=\"eut-thumbnail-wrapper\"><div class=\"eut-thumbnail\"  style=\"padding-top: 100%;\"><img loading=\"lazy\" decoding=\"async\" width=\"560\" height=\"560\" src=\"https:\/\/tischlerei-gerd-fischer.de\/eichsfeld\/wp-content\/uploads\/2026\/03\/Kunststoffenster-00infobig2-560x560.jpg\" class=\"attachment-crocal-eutf-small-square size-crocal-eutf-small-square\" alt=\"\" data-lazyload=\"auto\" data-eutf-filter=\"yes\" srcset=\"https:\/\/tischlerei-gerd-fischer.de\/eichsfeld\/wp-content\/uploads\/2026\/03\/Kunststoffenster-00infobig2-560x560.jpg 560w, https:\/\/tischlerei-gerd-fischer.de\/eichsfeld\/wp-content\/uploads\/2026\/03\/Kunststoffenster-00infobig2-150x150.jpg 150w, https:\/\/tischlerei-gerd-fischer.de\/eichsfeld\/wp-content\/uploads\/2026\/03\/Kunststoffenster-00infobig2-900x900.jpg 900w\" sizes=\"auto, (max-width: 560px) 100vw, 560px\" \/><\/div><\/div><\/div>  <\/figure><\/div><\/div><div class=\"eut-isotope-item eut-hover-item eut-hover-style-none\"><div class=\"eut-isotope-item-inner eut-zoom-in\">  <figure class=\"eut-image-hover\"><a class=\"eut-item-url\" href=\"https:\/\/tischlerei-gerd-fischer.de\/eichsfeld\/wp-content\/uploads\/2026\/03\/Kunststoffenster-02-1-1920x1080.jpg\"  data-size=\"1920x1080\"><\/a><div class=\"eut-hover-overlay eut-bg-light eut-opacity-90\"><\/div><div class=\"eut-media\"><div class=\"eut-thumbnail-wrapper\"><div class=\"eut-thumbnail\"  style=\"padding-top: 100%;\"><img loading=\"lazy\" decoding=\"async\" width=\"560\" height=\"560\" src=\"https:\/\/tischlerei-gerd-fischer.de\/eichsfeld\/wp-content\/uploads\/2026\/03\/Kunststoffenster-02-1-560x560.jpg\" class=\"attachment-crocal-eutf-small-square size-crocal-eutf-small-square\" alt=\"\" data-lazyload=\"auto\" data-eutf-filter=\"yes\" srcset=\"https:\/\/tischlerei-gerd-fischer.de\/eichsfeld\/wp-content\/uploads\/2026\/03\/Kunststoffenster-02-1-560x560.jpg 560w, https:\/\/tischlerei-gerd-fischer.de\/eichsfeld\/wp-content\/uploads\/2026\/03\/Kunststoffenster-02-1-150x150.jpg 150w, https:\/\/tischlerei-gerd-fischer.de\/eichsfeld\/wp-content\/uploads\/2026\/03\/Kunststoffenster-02-1-900x900.jpg 900w\" sizes=\"auto, (max-width: 560px) 100vw, 560px\" \/><\/div><\/div><\/div>  <\/figure><\/div><\/div><div class=\"eut-isotope-item eut-hover-item eut-hover-style-none\"><div class=\"eut-isotope-item-inner eut-zoom-in\">  <figure class=\"eut-image-hover\"><a class=\"eut-item-url\" href=\"https:\/\/tischlerei-gerd-fischer.de\/eichsfeld\/wp-content\/uploads\/2026\/03\/fenster001zoomed2-1920x1080.jpg\"  data-size=\"1920x1080\"><\/a><div class=\"eut-hover-overlay eut-bg-light eut-opacity-90\"><\/div><div class=\"eut-media\"><div class=\"eut-thumbnail-wrapper\"><div class=\"eut-thumbnail\"  style=\"padding-top: 100%;\"><img loading=\"lazy\" decoding=\"async\" width=\"560\" height=\"560\" src=\"https:\/\/tischlerei-gerd-fischer.de\/eichsfeld\/wp-content\/uploads\/2026\/03\/fenster001zoomed2-560x560.jpg\" class=\"attachment-crocal-eutf-small-square size-crocal-eutf-small-square\" alt=\"\" data-lazyload=\"auto\" data-eutf-filter=\"yes\" srcset=\"https:\/\/tischlerei-gerd-fischer.de\/eichsfeld\/wp-content\/uploads\/2026\/03\/fenster001zoomed2-560x560.jpg 560w, https:\/\/tischlerei-gerd-fischer.de\/eichsfeld\/wp-content\/uploads\/2026\/03\/fenster001zoomed2-150x150.jpg 150w, https:\/\/tischlerei-gerd-fischer.de\/eichsfeld\/wp-content\/uploads\/2026\/03\/fenster001zoomed2-900x900.jpg 900w\" sizes=\"auto, (max-width: 560px) 100vw, 560px\" \/><\/div><\/div><\/div>  <\/figure><\/div><\/div><div class=\"eut-isotope-item eut-hover-item eut-hover-style-none\"><div class=\"eut-isotope-item-inner eut-zoom-in\">  <figure class=\"eut-image-hover\"><a class=\"eut-item-url\" href=\"https:\/\/tischlerei-gerd-fischer.de\/eichsfeld\/wp-content\/uploads\/2026\/03\/Kunststoffenster-04-1-1920x1080.jpg\"  data-size=\"1920x1080\"><\/a><div class=\"eut-hover-overlay eut-bg-light eut-opacity-90\"><\/div><div class=\"eut-media\"><div class=\"eut-thumbnail-wrapper\"><div class=\"eut-thumbnail\"  style=\"padding-top: 100%;\"><img loading=\"lazy\" decoding=\"async\" width=\"560\" height=\"560\" src=\"https:\/\/tischlerei-gerd-fischer.de\/eichsfeld\/wp-content\/uploads\/2026\/03\/Kunststoffenster-04-1-560x560.jpg\" class=\"attachment-crocal-eutf-small-square size-crocal-eutf-small-square\" alt=\"\" data-lazyload=\"auto\" data-eutf-filter=\"yes\" srcset=\"https:\/\/tischlerei-gerd-fischer.de\/eichsfeld\/wp-content\/uploads\/2026\/03\/Kunststoffenster-04-1-560x560.jpg 560w, https:\/\/tischlerei-gerd-fischer.de\/eichsfeld\/wp-content\/uploads\/2026\/03\/Kunststoffenster-04-1-150x150.jpg 150w, https:\/\/tischlerei-gerd-fischer.de\/eichsfeld\/wp-content\/uploads\/2026\/03\/Kunststoffenster-04-1-900x900.jpg 900w\" sizes=\"auto, (max-width: 560px) 100vw, 560px\" \/><\/div><\/div><\/div>  <\/figure><\/div><\/div><div class=\"eut-isotope-item eut-hover-item eut-hover-style-none\"><div class=\"eut-isotope-item-inner eut-zoom-in\">  <figure class=\"eut-image-hover\"><a class=\"eut-item-url\" href=\"https:\/\/tischlerei-gerd-fischer.de\/eichsfeld\/wp-content\/uploads\/2026\/03\/Kunststoffenster-05-1-1920x1080.jpg\"  data-size=\"1920x1080\"><\/a><div class=\"eut-hover-overlay eut-bg-light eut-opacity-90\"><\/div><div class=\"eut-media\"><div class=\"eut-thumbnail-wrapper\"><div class=\"eut-thumbnail\"  style=\"padding-top: 100%;\"><img loading=\"lazy\" decoding=\"async\" width=\"560\" height=\"560\" src=\"https:\/\/tischlerei-gerd-fischer.de\/eichsfeld\/wp-content\/uploads\/2026\/03\/Kunststoffenster-05-1-560x560.jpg\" class=\"attachment-crocal-eutf-small-square size-crocal-eutf-small-square\" alt=\"\" data-lazyload=\"auto\" data-eutf-filter=\"yes\" srcset=\"https:\/\/tischlerei-gerd-fischer.de\/eichsfeld\/wp-content\/uploads\/2026\/03\/Kunststoffenster-05-1-560x560.jpg 560w, https:\/\/tischlerei-gerd-fischer.de\/eichsfeld\/wp-content\/uploads\/2026\/03\/Kunststoffenster-05-1-150x150.jpg 150w, https:\/\/tischlerei-gerd-fischer.de\/eichsfeld\/wp-content\/uploads\/2026\/03\/Kunststoffenster-05-1-900x900.jpg 900w\" sizes=\"auto, (max-width: 560px) 100vw, 560px\" \/><\/div><\/div><\/div>  <\/figure><\/div><\/div><div class=\"eut-isotope-item eut-hover-item eut-hover-style-none\"><div class=\"eut-isotope-item-inner eut-zoom-in\">  <figure class=\"eut-image-hover\"><a class=\"eut-item-url\" href=\"https:\/\/tischlerei-gerd-fischer.de\/eichsfeld\/wp-content\/uploads\/2026\/03\/Kunststoffenster-06-1-1920x1080.jpg\"  data-size=\"1920x1080\"><\/a><div class=\"eut-hover-overlay eut-bg-light eut-opacity-90\"><\/div><div class=\"eut-media\"><div class=\"eut-thumbnail-wrapper\"><div class=\"eut-thumbnail\"  style=\"padding-top: 100%;\"><img loading=\"lazy\" decoding=\"async\" width=\"560\" height=\"560\" src=\"https:\/\/tischlerei-gerd-fischer.de\/eichsfeld\/wp-content\/uploads\/2026\/03\/Kunststoffenster-06-1-560x560.jpg\" class=\"attachment-crocal-eutf-small-square size-crocal-eutf-small-square\" alt=\"\" data-lazyload=\"auto\" data-eutf-filter=\"yes\" srcset=\"https:\/\/tischlerei-gerd-fischer.de\/eichsfeld\/wp-content\/uploads\/2026\/03\/Kunststoffenster-06-1-560x560.jpg 560w, https:\/\/tischlerei-gerd-fischer.de\/eichsfeld\/wp-content\/uploads\/2026\/03\/Kunststoffenster-06-1-150x150.jpg 150w, https:\/\/tischlerei-gerd-fischer.de\/eichsfeld\/wp-content\/uploads\/2026\/03\/Kunststoffenster-06-1-900x900.jpg 900w\" sizes=\"auto, (max-width: 560px) 100vw, 560px\" \/><\/div><\/div><\/div>  <\/figure><\/div><\/div>  <\/div><\/div>[\/vc_column][\/vc_row]<\/p>\n<\/div>","protected":false},"excerpt":{"rendered":"<p>[vc_row][vc_column][vc_row_inner][vc_column_inner][\/vc_column_inner][\/vc_row_inner][vc_row_inner][vc_column_inner width=&#8220;1\/2&#8243;][vc_column_text css=&#8220;&#8220;]Keine Kompromisse bei Sicherheit und W\u00e4rmeschutz durch moderne Kunststofffenster Die innovative 7-Kammer-Konstruktion mit einer Bautiefe von 82 mm und einer ausgekl\u00fcgelten Dichtungstechnik sorgt f\u00fcr optimalen W\u00e4rmeschutz und beste Energieeffizienz. Die Standardvariante besitzt bereits 4 Dichtungen. Eine zus\u00e4tzliche Mitteldichtung ist im Blendrahmen optional lieferbar. Diese verbessert nochmals sowohl den W\u00e4rme- als auch den Schallschutz [&hellip;]<\/p>\n","protected":false},"author":1,"featured_media":0,"parent":0,"menu_order":0,"comment_status":"closed","ping_status":"closed","template":"","meta":{"footnotes":""},"class_list":["post-245","page","type-page","status-publish","hentry"],"_links":{"self":[{"href":"https:\/\/tischlerei-gerd-fischer.de\/eichsfeld\/wp-json\/wp\/v2\/pages\/245","targetHints":{"allow":["GET"]}}],"collection":[{"href":"https:\/\/tischlerei-gerd-fischer.de\/eichsfeld\/wp-json\/wp\/v2\/pages"}],"about":[{"href":"https:\/\/tischlerei-gerd-fischer.de\/eichsfeld\/wp-json\/wp\/v2\/types\/page"}],"author":[{"embeddable":true,"href":"https:\/\/tischlerei-gerd-fischer.de\/eichsfeld\/wp-json\/wp\/v2\/users\/1"}],"replies":[{"embeddable":true,"href":"https:\/\/tischlerei-gerd-fischer.de\/eichsfeld\/wp-json\/wp\/v2\/comments?post=245"}],"version-history":[{"count":10,"href":"https:\/\/tischlerei-gerd-fischer.de\/eichsfeld\/wp-json\/wp\/v2\/pages\/245\/revisions"}],"predecessor-version":[{"id":513,"href":"https:\/\/tischlerei-gerd-fischer.de\/eichsfeld\/wp-json\/wp\/v2\/pages\/245\/revisions\/513"}],"wp:attachment":[{"href":"https:\/\/tischlerei-gerd-fischer.de\/eichsfeld\/wp-json\/wp\/v2\/media?parent=245"}],"curies":[{"name":"wp","href":"https:\/\/api.w.org\/{rel}","templated":true}]}}