{"id":443,"date":"2026-04-10T13:06:37","date_gmt":"2026-04-10T11:06:37","guid":{"rendered":"https:\/\/tischlerei-gerd-fischer.de\/eichsfeld\/?page_id=443"},"modified":"2026-04-10T13:42:53","modified_gmt":"2026-04-10T11:42:53","slug":"holztueren","status":"publish","type":"page","link":"https:\/\/tischlerei-gerd-fischer.de\/eichsfeld\/holztueren\/","title":{"rendered":"Holzt\u00fcren"},"content":{"rendered":"<div class=\"wpb-content-wrapper\"><p>[vc_row][vc_column][vc_row_inner][vc_column_inner]<div class=\"eut-element eut-slogan eut-align-inherit\" style=\"\"><div class=\"eut-subtitle\">F\u00fcr alle, die W\u00e4rme, Charakter und verl\u00e4ssliche Qualit\u00e4t am Eingang erwarten.<\/div><h1 class=\"eut-slogan-title eut-align-inherit eut-h2\"><span>Nat\u00fcrlich sch\u00f6n. Stabil. Wertbest\u00e4ndig.<span class=\"eut-title-line eut-bg-primary-1\" style=\"width: 50px;height: 2px;\"><\/span><\/span><\/h1>  <p class=\"\">Nat\u00fcrliche \u00c4sthetik trifft auf Stabilit\u00e4t, Komfort und langlebige Qualit\u00e4t.<\/p><div class=\"eut-btn-wrapper\"><a href=\"#holztueren\" class=\"eut-btn eut-btn-small eut-square eut-bg-primary-1 eut-bg-hover-black\"><span>Beispiele<\/span><\/a><a href=\"https:\/\/tischlerei-gerd-fischer.de\/eichsfeld\/kontakt\/\" title=\"Kontakt\" class=\"eut-btn eut-btn-small eut-square eut-bg-primary-1 eut-bg-hover-black\"><span>Anfrage<\/span><\/a><\/div><\/div>[\/vc_column_inner][\/vc_row_inner][vc_row_inner][vc_column_inner width=&#8220;1\/2&#8243;][vc_column_text css=&#8220;&#8220;]<\/p>\n<p data-start=\"211\" data-end=\"620\">Eine hochwertige <strong data-start=\"228\" data-end=\"254\">Holzt\u00fcr aus Massivholz<\/strong> verbindet nat\u00fcrliche Ausstrahlung mit sp\u00fcrbarer Qualit\u00e4t. Sie schafft einen warmen, einladenden ersten Eindruck und setzt sowohl von au\u00dfen als auch im Innenbereich ein echtes gestalterisches Statement. Gerade f\u00fcr Bauherren und Modernisierer, die Wert auf Charakter, Wohnlichkeit und Langlebigkeit legen, sind <strong data-start=\"564\" data-end=\"586\">Holzt\u00fcren nach Ma\u00df<\/strong> eine besonders attraktive L\u00f6sung.<\/p>\n<p data-start=\"622\" data-end=\"1088\">Neben ihrer besonderen Optik \u00fcberzeugen <strong data-start=\"662\" data-end=\"681\">Massivholzt\u00fcren<\/strong> auch funktional: Sie sind robust, stabil und vermitteln ein sicheres, wertiges Gef\u00fchl. Gleichzeitig bietet der Werkstoff Holz sehr gute Eigenschaften in Sachen <strong data-start=\"842\" data-end=\"858\">W\u00e4rmed\u00e4mmung<\/strong> und <strong data-start=\"863\" data-end=\"879\">Schallschutz<\/strong>. So entsteht ein angenehmes Raumklima und mehr Ruhe im Alltag. Mit der richtigen Verarbeitung und einer hochwertigen Ausf\u00fchrung ist eine Holzt\u00fcr eine nachhaltige Investition in Komfort, Stil und Wohnqualit\u00e4t.<\/p>\n<p>[\/vc_column_text][\/vc_column_inner][vc_column_inner width=&#8220;1\/2&#8243;][vc_column_text css=&#8220;&#8220;]<\/p>\n<h5 data-section-id=\"5abu04\" data-start=\"1090\" data-end=\"1124\">Ihre Vorteile auf einen Blick:<\/h5>\n<ul data-start=\"1125\" data-end=\"1340\">\n<li data-section-id=\"1sz1b2r\" data-start=\"1125\" data-end=\"1163\"><strong data-start=\"1127\" data-end=\"1163\">Nat\u00fcrliche und hochwertige Optik<\/strong><\/li>\n<li data-section-id=\"1w5wr7v\" data-start=\"1164\" data-end=\"1204\"><strong data-start=\"1166\" data-end=\"1204\">Individuelle Ausf\u00fchrungen nach Ma\u00df<\/strong><\/li>\n<li data-section-id=\"1oz0aa5\" data-start=\"1205\" data-end=\"1236\"><strong data-start=\"1207\" data-end=\"1236\">Robust, stabil und wertig<\/strong><\/li>\n<li data-section-id=\"ug2t3j\" data-start=\"1237\" data-end=\"1266\"><strong data-start=\"1239\" data-end=\"1266\">Sehr guter Schallschutz<\/strong><\/li>\n<li data-section-id=\"5repfb\" data-start=\"1267\" data-end=\"1290\"><strong data-start=\"1269\" data-end=\"1290\">Hohe W\u00e4rmed\u00e4mmung<\/strong><\/li>\n<li data-section-id=\"15l44dm\" data-start=\"1291\" data-end=\"1340\"><strong data-start=\"1293\" data-end=\"1340\">Zeitloser Charakter mit echter Ausstrahlung<\/strong><\/li>\n<\/ul>\n<p>[\/vc_column_text][\/vc_column_inner][\/vc_row_inner][\/vc_column][vc_column el_id=&#8220;holztueren&#8220;]<div class=\"eut-element eut-gallery eut-isotope eut-gallery-popup eut-with-gap\" style=\"\" data-columns=\"3\" data-columns-large-screen=\"3\" data-columns-tablet-landscape=\"2\" data-columns-tablet-portrait=\"2\" data-columns-mobile=\"1\" data-layout=\"fitRows\" data-gutter-size=\"40\">  <div class=\"eut-isotope-container\"><div class=\"eut-isotope-item eut-hover-item eut-hover-style-none\"><div class=\"eut-isotope-item-inner eut-zoom-in\">  <figure class=\"eut-image-hover\"><a class=\"eut-item-url\" href=\"https:\/\/tischlerei-gerd-fischer.de\/eichsfeld\/wp-content\/uploads\/2026\/04\/Holztuer-01-1920x1080.jpg\"  data-size=\"1920x1080\"><\/a><div class=\"eut-hover-overlay eut-bg-light eut-opacity-90\"><\/div><div class=\"eut-media\"><div class=\"eut-thumbnail-wrapper\"><div class=\"eut-thumbnail\"  style=\"padding-top: 100%;\"><img loading=\"lazy\" decoding=\"async\" width=\"560\" height=\"560\" src=\"https:\/\/tischlerei-gerd-fischer.de\/eichsfeld\/wp-content\/uploads\/2026\/04\/Holztuer-01-560x560.jpg\" class=\"attachment-crocal-eutf-small-square size-crocal-eutf-small-square\" alt=\"\" data-lazyload=\"auto\" data-eutf-filter=\"yes\" srcset=\"https:\/\/tischlerei-gerd-fischer.de\/eichsfeld\/wp-content\/uploads\/2026\/04\/Holztuer-01-560x560.jpg 560w, https:\/\/tischlerei-gerd-fischer.de\/eichsfeld\/wp-content\/uploads\/2026\/04\/Holztuer-01-150x150.jpg 150w, https:\/\/tischlerei-gerd-fischer.de\/eichsfeld\/wp-content\/uploads\/2026\/04\/Holztuer-01-900x900.jpg 900w\" sizes=\"auto, (max-width: 560px) 100vw, 560px\" \/><\/div><\/div><\/div>  <\/figure><\/div><\/div><div class=\"eut-isotope-item eut-hover-item eut-hover-style-none\"><div class=\"eut-isotope-item-inner eut-zoom-in\">  <figure class=\"eut-image-hover\"><a class=\"eut-item-url\" href=\"https:\/\/tischlerei-gerd-fischer.de\/eichsfeld\/wp-content\/uploads\/2026\/04\/Holztuer-02-1920x1080.jpg\"  data-size=\"1920x1080\"><\/a><div class=\"eut-hover-overlay eut-bg-light eut-opacity-90\"><\/div><div class=\"eut-media\"><div class=\"eut-thumbnail-wrapper\"><div class=\"eut-thumbnail\"  style=\"padding-top: 100%;\"><img loading=\"lazy\" decoding=\"async\" width=\"560\" height=\"560\" src=\"https:\/\/tischlerei-gerd-fischer.de\/eichsfeld\/wp-content\/uploads\/2026\/04\/Holztuer-02-560x560.jpg\" class=\"attachment-crocal-eutf-small-square size-crocal-eutf-small-square\" alt=\"\" data-lazyload=\"auto\" data-eutf-filter=\"yes\" srcset=\"https:\/\/tischlerei-gerd-fischer.de\/eichsfeld\/wp-content\/uploads\/2026\/04\/Holztuer-02-560x560.jpg 560w, https:\/\/tischlerei-gerd-fischer.de\/eichsfeld\/wp-content\/uploads\/2026\/04\/Holztuer-02-150x150.jpg 150w, https:\/\/tischlerei-gerd-fischer.de\/eichsfeld\/wp-content\/uploads\/2026\/04\/Holztuer-02-900x900.jpg 900w\" sizes=\"auto, (max-width: 560px) 100vw, 560px\" \/><\/div><\/div><\/div>  <\/figure><\/div><\/div><div class=\"eut-isotope-item eut-hover-item eut-hover-style-none\"><div class=\"eut-isotope-item-inner eut-zoom-in\">  <figure class=\"eut-image-hover\"><a class=\"eut-item-url\" href=\"https:\/\/tischlerei-gerd-fischer.de\/eichsfeld\/wp-content\/uploads\/2026\/04\/Holztuer-03-1920x1080.jpg\"  data-size=\"1920x1080\"><\/a><div class=\"eut-hover-overlay eut-bg-light eut-opacity-90\"><\/div><div class=\"eut-media\"><div class=\"eut-thumbnail-wrapper\"><div class=\"eut-thumbnail\"  style=\"padding-top: 100%;\"><img loading=\"lazy\" decoding=\"async\" width=\"560\" height=\"560\" src=\"https:\/\/tischlerei-gerd-fischer.de\/eichsfeld\/wp-content\/uploads\/2026\/04\/Holztuer-03-560x560.jpg\" class=\"attachment-crocal-eutf-small-square size-crocal-eutf-small-square\" alt=\"\" data-lazyload=\"auto\" data-eutf-filter=\"yes\" srcset=\"https:\/\/tischlerei-gerd-fischer.de\/eichsfeld\/wp-content\/uploads\/2026\/04\/Holztuer-03-560x560.jpg 560w, https:\/\/tischlerei-gerd-fischer.de\/eichsfeld\/wp-content\/uploads\/2026\/04\/Holztuer-03-150x150.jpg 150w, https:\/\/tischlerei-gerd-fischer.de\/eichsfeld\/wp-content\/uploads\/2026\/04\/Holztuer-03-900x900.jpg 900w\" sizes=\"auto, (max-width: 560px) 100vw, 560px\" \/><\/div><\/div><\/div>  <\/figure><\/div><\/div><div class=\"eut-isotope-item eut-hover-item eut-hover-style-none\"><div class=\"eut-isotope-item-inner eut-zoom-in\">  <figure class=\"eut-image-hover\"><a class=\"eut-item-url\" href=\"https:\/\/tischlerei-gerd-fischer.de\/eichsfeld\/wp-content\/uploads\/2026\/04\/Holztuer-04-1920x1080.jpg\"  data-size=\"1920x1080\"><\/a><div class=\"eut-hover-overlay eut-bg-light eut-opacity-90\"><\/div><div class=\"eut-media\"><div class=\"eut-thumbnail-wrapper\"><div class=\"eut-thumbnail\"  style=\"padding-top: 100%;\"><img loading=\"lazy\" decoding=\"async\" width=\"560\" height=\"560\" src=\"https:\/\/tischlerei-gerd-fischer.de\/eichsfeld\/wp-content\/uploads\/2026\/04\/Holztuer-04-560x560.jpg\" class=\"attachment-crocal-eutf-small-square size-crocal-eutf-small-square\" alt=\"\" data-lazyload=\"auto\" data-eutf-filter=\"yes\" srcset=\"https:\/\/tischlerei-gerd-fischer.de\/eichsfeld\/wp-content\/uploads\/2026\/04\/Holztuer-04-560x560.jpg 560w, https:\/\/tischlerei-gerd-fischer.de\/eichsfeld\/wp-content\/uploads\/2026\/04\/Holztuer-04-150x150.jpg 150w, https:\/\/tischlerei-gerd-fischer.de\/eichsfeld\/wp-content\/uploads\/2026\/04\/Holztuer-04-900x900.jpg 900w\" sizes=\"auto, (max-width: 560px) 100vw, 560px\" \/><\/div><\/div><\/div>  <\/figure><\/div><\/div><div class=\"eut-isotope-item eut-hover-item eut-hover-style-none\"><div class=\"eut-isotope-item-inner eut-zoom-in\">  <figure class=\"eut-image-hover\"><a class=\"eut-item-url\" href=\"https:\/\/tischlerei-gerd-fischer.de\/eichsfeld\/wp-content\/uploads\/2026\/04\/Holztuer-05-1920x1080.jpg\"  data-size=\"1920x1080\"><\/a><div class=\"eut-hover-overlay eut-bg-light eut-opacity-90\"><\/div><div class=\"eut-media\"><div class=\"eut-thumbnail-wrapper\"><div class=\"eut-thumbnail\"  style=\"padding-top: 100%;\"><img loading=\"lazy\" decoding=\"async\" width=\"560\" height=\"560\" src=\"https:\/\/tischlerei-gerd-fischer.de\/eichsfeld\/wp-content\/uploads\/2026\/04\/Holztuer-05-560x560.jpg\" class=\"attachment-crocal-eutf-small-square size-crocal-eutf-small-square\" alt=\"\" data-lazyload=\"auto\" data-eutf-filter=\"yes\" srcset=\"https:\/\/tischlerei-gerd-fischer.de\/eichsfeld\/wp-content\/uploads\/2026\/04\/Holztuer-05-560x560.jpg 560w, https:\/\/tischlerei-gerd-fischer.de\/eichsfeld\/wp-content\/uploads\/2026\/04\/Holztuer-05-150x150.jpg 150w, https:\/\/tischlerei-gerd-fischer.de\/eichsfeld\/wp-content\/uploads\/2026\/04\/Holztuer-05-900x900.jpg 900w\" sizes=\"auto, (max-width: 560px) 100vw, 560px\" \/><\/div><\/div><\/div>  <\/figure><\/div><\/div><div class=\"eut-isotope-item eut-hover-item eut-hover-style-none\"><div class=\"eut-isotope-item-inner eut-zoom-in\">  <figure class=\"eut-image-hover\"><a class=\"eut-item-url\" href=\"https:\/\/tischlerei-gerd-fischer.de\/eichsfeld\/wp-content\/uploads\/2026\/04\/Holztuer-06-1920x1080.jpg\"  data-size=\"1920x1080\"><\/a><div class=\"eut-hover-overlay eut-bg-light eut-opacity-90\"><\/div><div class=\"eut-media\"><div class=\"eut-thumbnail-wrapper\"><div class=\"eut-thumbnail\"  style=\"padding-top: 100%;\"><img loading=\"lazy\" decoding=\"async\" width=\"560\" height=\"560\" src=\"https:\/\/tischlerei-gerd-fischer.de\/eichsfeld\/wp-content\/uploads\/2026\/04\/Holztuer-06-560x560.jpg\" class=\"attachment-crocal-eutf-small-square size-crocal-eutf-small-square\" alt=\"\" data-lazyload=\"auto\" data-eutf-filter=\"yes\" srcset=\"https:\/\/tischlerei-gerd-fischer.de\/eichsfeld\/wp-content\/uploads\/2026\/04\/Holztuer-06-560x560.jpg 560w, https:\/\/tischlerei-gerd-fischer.de\/eichsfeld\/wp-content\/uploads\/2026\/04\/Holztuer-06-150x150.jpg 150w, https:\/\/tischlerei-gerd-fischer.de\/eichsfeld\/wp-content\/uploads\/2026\/04\/Holztuer-06-900x900.jpg 900w\" sizes=\"auto, (max-width: 560px) 100vw, 560px\" \/><\/div><\/div><\/div>  <\/figure><\/div><\/div>  <\/div><\/div>[\/vc_column][\/vc_row]<\/p>\n<\/div>","protected":false},"excerpt":{"rendered":"<p>[vc_row][vc_column][vc_row_inner][vc_column_inner][\/vc_column_inner][\/vc_row_inner][vc_row_inner][vc_column_inner width=&#8220;1\/2&#8243;][vc_column_text css=&#8220;&#8220;] Eine hochwertige Holzt\u00fcr aus Massivholz verbindet nat\u00fcrliche Ausstrahlung mit sp\u00fcrbarer Qualit\u00e4t. Sie schafft einen warmen, einladenden ersten Eindruck und setzt sowohl von au\u00dfen als auch im Innenbereich ein echtes gestalterisches Statement. Gerade f\u00fcr Bauherren und Modernisierer, die Wert auf Charakter, Wohnlichkeit und Langlebigkeit legen, sind Holzt\u00fcren nach Ma\u00df eine besonders attraktive L\u00f6sung. [&hellip;]<\/p>\n","protected":false},"author":1,"featured_media":0,"parent":0,"menu_order":0,"comment_status":"closed","ping_status":"closed","template":"","meta":{"footnotes":""},"class_list":["post-443","page","type-page","status-publish","hentry"],"_links":{"self":[{"href":"https:\/\/tischlerei-gerd-fischer.de\/eichsfeld\/wp-json\/wp\/v2\/pages\/443","targetHints":{"allow":["GET"]}}],"collection":[{"href":"https:\/\/tischlerei-gerd-fischer.de\/eichsfeld\/wp-json\/wp\/v2\/pages"}],"about":[{"href":"https:\/\/tischlerei-gerd-fischer.de\/eichsfeld\/wp-json\/wp\/v2\/types\/page"}],"author":[{"embeddable":true,"href":"https:\/\/tischlerei-gerd-fischer.de\/eichsfeld\/wp-json\/wp\/v2\/users\/1"}],"replies":[{"embeddable":true,"href":"https:\/\/tischlerei-gerd-fischer.de\/eichsfeld\/wp-json\/wp\/v2\/comments?post=443"}],"version-history":[{"count":9,"href":"https:\/\/tischlerei-gerd-fischer.de\/eichsfeld\/wp-json\/wp\/v2\/pages\/443\/revisions"}],"predecessor-version":[{"id":445,"href":"https:\/\/tischlerei-gerd-fischer.de\/eichsfeld\/wp-json\/wp\/v2\/pages\/443\/revisions\/445"}],"wp:attachment":[{"href":"https:\/\/tischlerei-gerd-fischer.de\/eichsfeld\/wp-json\/wp\/v2\/media?parent=443"}],"curies":[{"name":"wp","href":"https:\/\/api.w.org\/{rel}","templated":true}]}}