{"id":514,"date":"2026-04-11T12:11:03","date_gmt":"2026-04-11T10:11:03","guid":{"rendered":"https:\/\/tischlerei-gerd-fischer.de\/eichsfeld\/?page_id=514"},"modified":"2026-04-11T12:24:40","modified_gmt":"2026-04-11T10:24:40","slug":"grossprojekte","status":"publish","type":"page","link":"https:\/\/tischlerei-gerd-fischer.de\/eichsfeld\/grossprojekte\/","title":{"rendered":"Gro\u00dfprojekte"},"content":{"rendered":"<div class=\"wpb-content-wrapper\"><p>[vc_row][vc_column][vc_row_inner][vc_column_inner]<div class=\"eut-element eut-slogan eut-align-inherit\" style=\"\"><div class=\"eut-subtitle\">Pr\u00e4zise gefertigt f\u00fcr Projekte mit Anspruch, Gr\u00f6\u00dfe und Bestand.<\/div><h1 class=\"eut-slogan-title eut-align-inherit eut-h2\"><span>FENSTERL\u00d6SUNGEN F\u00dcR MEHRFAMILIENH\u00c4USER UND GROSSPROJEKTE.<span class=\"eut-title-line eut-bg-primary-1\" style=\"width: 50px;height: 2px;\"><\/span><\/span><\/h1>  <p class=\"\">Wirtschaftlich geplant. Bundesweit zuverl\u00e4ssig umgesetzt.<\/p><div class=\"eut-btn-wrapper\"><a href=\"#grossprojekte\" class=\"eut-btn eut-btn-small eut-square eut-bg-primary-1 eut-bg-hover-black\"><span>Beispiele<\/span><\/a><a href=\"https:\/\/tischlerei-gerd-fischer.de\/eichsfeld\/kontakt\/\" title=\"Kontakt\" class=\"eut-btn eut-btn-small eut-square eut-bg-primary-1 eut-bg-hover-black\"><span>Anfrage<\/span><\/a><\/div><\/div>[\/vc_column_inner][\/vc_row_inner][vc_row_inner][vc_column_inner width=&#8220;1\/2&#8243;][vc_column_text css=&#8220;&#8220;]<strong data-start=\"419\" data-end=\"525\">Fenster f\u00fcr Mehrfamilienh\u00e4user und Gro\u00dfprojekte m\u00fcssen heute weit mehr leisten als nur gut auszusehen. <\/strong>Sie pr\u00e4gen ganze Fassaden, erf\u00fcllen hohe Anforderungen an Energieeffizienz, Schallschutz, Sicherheit und Langlebigkeit und m\u00fcssen dabei auch wirtschaftlich \u00fcberzeugend sein. Genau hier liegt unsere St\u00e4rke: Wir realisieren Fensterl\u00f6sungen f\u00fcr Wohnanlagen, Objektbauten und gr\u00f6\u00dfere Bauvorhaben mit handwerklicher Qualit\u00e4t, moderner Fertigungstechnik und einem hohen Anspruch an Pr\u00e4zision.[\/vc_column_text][\/vc_column_inner][vc_column_inner width=&#8220;1\/2&#8243;][vc_column_text css=&#8220;&#8220;]<strong data-start=\"916\" data-end=\"986\">Ob Holzfenster, Kunststofffenster oder objektspezifische L\u00f6sungen: <\/strong>Wir verbinden die gestalterischen M\u00f6glichkeiten hochwertiger Materialien mit leistungsf\u00e4higer Technik und effizienter Produktion. Dank moderner CNC-Fertigung, eingespielter Abl\u00e4ufe und erfahrener Fachkr\u00e4fte sind wir in der Lage, auch gr\u00f6\u00dfere St\u00fcckzahlen zuverl\u00e4ssig und terminsicher umzusetzen \u2013 bundesweit. So entstehen Fensterl\u00f6sungen, die architektonisch \u00fcberzeugen und im t\u00e4glichen Einsatz dauerhaft bestehen.[\/vc_column_text][\/vc_column_inner][\/vc_row_inner][\/vc_column][vc_column el_id=&#8220;grossprojekte&#8220;]<div class=\"eut-element eut-gallery eut-isotope eut-gallery-popup eut-with-gap\" style=\"\" data-columns=\"3\" data-columns-large-screen=\"3\" data-columns-tablet-landscape=\"2\" data-columns-tablet-portrait=\"2\" data-columns-mobile=\"1\" data-layout=\"fitRows\" data-gutter-size=\"40\">  <div class=\"eut-isotope-container\"><div class=\"eut-isotope-item eut-hover-item eut-hover-style-none\"><div class=\"eut-isotope-item-inner eut-zoom-in\">  <figure class=\"eut-image-hover\"><a class=\"eut-item-url\" href=\"https:\/\/tischlerei-gerd-fischer.de\/eichsfeld\/wp-content\/uploads\/2026\/04\/Fensterfront-01-1920x1080.jpg\"  data-size=\"1920x1080\"><\/a><div class=\"eut-hover-overlay eut-bg-light eut-opacity-90\"><\/div><div class=\"eut-media\"><div class=\"eut-thumbnail-wrapper\"><div class=\"eut-thumbnail\"  style=\"padding-top: 100%;\"><img loading=\"lazy\" decoding=\"async\" width=\"560\" height=\"560\" src=\"https:\/\/tischlerei-gerd-fischer.de\/eichsfeld\/wp-content\/uploads\/2026\/04\/Fensterfront-01-560x560.jpg\" class=\"attachment-crocal-eutf-small-square size-crocal-eutf-small-square\" alt=\"\" data-lazyload=\"auto\" data-eutf-filter=\"yes\" srcset=\"https:\/\/tischlerei-gerd-fischer.de\/eichsfeld\/wp-content\/uploads\/2026\/04\/Fensterfront-01-560x560.jpg 560w, https:\/\/tischlerei-gerd-fischer.de\/eichsfeld\/wp-content\/uploads\/2026\/04\/Fensterfront-01-150x150.jpg 150w, https:\/\/tischlerei-gerd-fischer.de\/eichsfeld\/wp-content\/uploads\/2026\/04\/Fensterfront-01-900x900.jpg 900w\" sizes=\"auto, (max-width: 560px) 100vw, 560px\" \/><\/div><\/div><\/div>  <\/figure><\/div><\/div><div class=\"eut-isotope-item eut-hover-item eut-hover-style-none\"><div class=\"eut-isotope-item-inner eut-zoom-in\">  <figure class=\"eut-image-hover\"><a class=\"eut-item-url\" href=\"https:\/\/tischlerei-gerd-fischer.de\/eichsfeld\/wp-content\/uploads\/2026\/04\/Fensterfront-02-1920x1080.jpg\"  data-size=\"1920x1080\"><\/a><div class=\"eut-hover-overlay eut-bg-light eut-opacity-90\"><\/div><div class=\"eut-media\"><div class=\"eut-thumbnail-wrapper\"><div class=\"eut-thumbnail\"  style=\"padding-top: 100%;\"><img loading=\"lazy\" decoding=\"async\" width=\"560\" height=\"560\" src=\"https:\/\/tischlerei-gerd-fischer.de\/eichsfeld\/wp-content\/uploads\/2026\/04\/Fensterfront-02-560x560.jpg\" class=\"attachment-crocal-eutf-small-square size-crocal-eutf-small-square\" alt=\"\" data-lazyload=\"auto\" data-eutf-filter=\"yes\" srcset=\"https:\/\/tischlerei-gerd-fischer.de\/eichsfeld\/wp-content\/uploads\/2026\/04\/Fensterfront-02-560x560.jpg 560w, https:\/\/tischlerei-gerd-fischer.de\/eichsfeld\/wp-content\/uploads\/2026\/04\/Fensterfront-02-150x150.jpg 150w, https:\/\/tischlerei-gerd-fischer.de\/eichsfeld\/wp-content\/uploads\/2026\/04\/Fensterfront-02-900x900.jpg 900w\" sizes=\"auto, (max-width: 560px) 100vw, 560px\" \/><\/div><\/div><\/div>  <\/figure><\/div><\/div><div class=\"eut-isotope-item eut-hover-item eut-hover-style-none\"><div class=\"eut-isotope-item-inner eut-zoom-in\">  <figure class=\"eut-image-hover\"><a class=\"eut-item-url\" href=\"https:\/\/tischlerei-gerd-fischer.de\/eichsfeld\/wp-content\/uploads\/2026\/04\/Fensterfront-03-1920x1080.jpg\"  data-size=\"1920x1080\"><\/a><div class=\"eut-hover-overlay eut-bg-light eut-opacity-90\"><\/div><div class=\"eut-media\"><div class=\"eut-thumbnail-wrapper\"><div class=\"eut-thumbnail\"  style=\"padding-top: 100%;\"><img loading=\"lazy\" decoding=\"async\" width=\"560\" height=\"560\" src=\"https:\/\/tischlerei-gerd-fischer.de\/eichsfeld\/wp-content\/uploads\/2026\/04\/Fensterfront-03-560x560.jpg\" class=\"attachment-crocal-eutf-small-square size-crocal-eutf-small-square\" alt=\"\" data-lazyload=\"auto\" data-eutf-filter=\"yes\" srcset=\"https:\/\/tischlerei-gerd-fischer.de\/eichsfeld\/wp-content\/uploads\/2026\/04\/Fensterfront-03-560x560.jpg 560w, https:\/\/tischlerei-gerd-fischer.de\/eichsfeld\/wp-content\/uploads\/2026\/04\/Fensterfront-03-150x150.jpg 150w, https:\/\/tischlerei-gerd-fischer.de\/eichsfeld\/wp-content\/uploads\/2026\/04\/Fensterfront-03-900x900.jpg 900w\" sizes=\"auto, (max-width: 560px) 100vw, 560px\" \/><\/div><\/div><\/div>  <\/figure><\/div><\/div>  <\/div><\/div>[\/vc_column][\/vc_row]<\/p>\n<\/div>","protected":false},"excerpt":{"rendered":"<p>[vc_row][vc_column][vc_row_inner][vc_column_inner][\/vc_column_inner][\/vc_row_inner][vc_row_inner][vc_column_inner width=&#8220;1\/2&#8243;][vc_column_text css=&#8220;&#8220;]Fenster f\u00fcr Mehrfamilienh\u00e4user und Gro\u00dfprojekte m\u00fcssen heute weit mehr leisten als nur gut auszusehen. Sie pr\u00e4gen ganze Fassaden, erf\u00fcllen hohe Anforderungen an Energieeffizienz, Schallschutz, Sicherheit und Langlebigkeit und m\u00fcssen dabei auch wirtschaftlich \u00fcberzeugend sein. Genau hier liegt unsere St\u00e4rke: Wir realisieren Fensterl\u00f6sungen f\u00fcr Wohnanlagen, Objektbauten und gr\u00f6\u00dfere Bauvorhaben mit handwerklicher Qualit\u00e4t, moderner Fertigungstechnik [&hellip;]<\/p>\n","protected":false},"author":1,"featured_media":0,"parent":0,"menu_order":0,"comment_status":"closed","ping_status":"closed","template":"","meta":{"footnotes":""},"class_list":["post-514","page","type-page","status-publish","hentry"],"_links":{"self":[{"href":"https:\/\/tischlerei-gerd-fischer.de\/eichsfeld\/wp-json\/wp\/v2\/pages\/514","targetHints":{"allow":["GET"]}}],"collection":[{"href":"https:\/\/tischlerei-gerd-fischer.de\/eichsfeld\/wp-json\/wp\/v2\/pages"}],"about":[{"href":"https:\/\/tischlerei-gerd-fischer.de\/eichsfeld\/wp-json\/wp\/v2\/types\/page"}],"author":[{"embeddable":true,"href":"https:\/\/tischlerei-gerd-fischer.de\/eichsfeld\/wp-json\/wp\/v2\/users\/1"}],"replies":[{"embeddable":true,"href":"https:\/\/tischlerei-gerd-fischer.de\/eichsfeld\/wp-json\/wp\/v2\/comments?post=514"}],"version-history":[{"count":5,"href":"https:\/\/tischlerei-gerd-fischer.de\/eichsfeld\/wp-json\/wp\/v2\/pages\/514\/revisions"}],"predecessor-version":[{"id":522,"href":"https:\/\/tischlerei-gerd-fischer.de\/eichsfeld\/wp-json\/wp\/v2\/pages\/514\/revisions\/522"}],"wp:attachment":[{"href":"https:\/\/tischlerei-gerd-fischer.de\/eichsfeld\/wp-json\/wp\/v2\/media?parent=514"}],"curies":[{"name":"wp","href":"https:\/\/api.w.org\/{rel}","templated":true}]}}